{"id":1289,"date":"2024-09-17T15:25:36","date_gmt":"2024-09-17T13:25:36","guid":{"rendered":"https:\/\/schwerereiter.de\/?page_id=1289"},"modified":"2025-01-30T16:51:00","modified_gmt":"2025-01-30T15:51:00","slug":"raeumetechnik","status":"publish","type":"page","link":"https:\/\/schwerereiter.de\/?page_id=1289","title":{"rendered":"R\u00e4ume+Technik"},"content":{"rendered":"<p>[et_pb_section fb_built=&#8220;1&#8243; admin_label=&#8220;Header&#8220; _builder_version=&#8220;4.27.0&#8243; _module_preset=&#8220;default&#8220; background_color=&#8220;#EDF000&#8243; border_style_all=&#8220;none&#8220; border_width_bottom=&#8220;8px&#8220; border_color_bottom=&#8220;#000000&#8243; border_style_bottom=&#8220;solid&#8220; collapsed=&#8220;on&#8220; global_colors_info=&#8220;{}&#8220;][et_pb_row _builder_version=&#8220;4.20.0&#8243; _module_preset=&#8220;default&#8220; width=&#8220;90%&#8220; max_width=&#8220;none&#8220; global_colors_info=&#8220;{}&#8220;][et_pb_column type=&#8220;4_4&#8243; _builder_version=&#8220;4.20.0&#8243; _module_preset=&#8220;default&#8220; global_colors_info=&#8220;{}&#8220;][et_pb_text _builder_version=&#8220;4.20.0&#8243; _module_preset=&#8220;2b0cb735-5972-4e0e-9496-33b63070f639&#8243; header_font_size=&#8220;10vw&#8220; global_colors_info=&#8220;{}&#8220;]<\/p>\n<h1>R\u00e4ume+Technik<\/h1>\n<p>[\/et_pb_text][\/et_pb_column][\/et_pb_row][\/et_pb_section][et_pb_section fb_built=&#8220;1&#8243; admin_label=&#8220;Call to Action&#8220; _builder_version=&#8220;4.20.0&#8243; _module_preset=&#8220;default&#8220; background_color=&#8220;gcid-3be8d3fa-8b11-41b4-b614-e601c43d7597&#8243; border_color_all=&#8220;#000000&#8243; border_width_bottom=&#8220;8px&#8220; collapsed=&#8220;on&#8220; global_colors_info=&#8220;{%22gcid-3be8d3fa-8b11-41b4-b614-e601c43d7597%22:%91%22background_color%22%93}&#8220;][et_pb_row column_structure=&#8220;1_4,1_4,1_4,1_4&#8243; _builder_version=&#8220;4.27.0&#8243; _module_preset=&#8220;default&#8220; width=&#8220;90%&#8220; max_width=&#8220;1400px&#8220; global_colors_info=&#8220;{}&#8220;][et_pb_column type=&#8220;1_4&#8243; _builder_version=&#8220;4.20.0&#8243; _module_preset=&#8220;default&#8220; global_colors_info=&#8220;{}&#8220;][et_pb_button button_url=&#8220;https:\/\/docs.google.com\/spreadsheets\/d\/1bGIBIOEqbPP3iPHewKijJYf5lmzTS61zP4KjzQ4eYuc\/edit?gid=1615283117#gid=1615283117&#8243; url_new_window=&#8220;on&#8220; button_text=&#8220;technical rider&#8220; button_alignment=&#8220;left&#8220; _builder_version=&#8220;4.27.0&#8243; _module_preset=&#8220;default&#8220; custom_button=&#8220;on&#8220; button_text_color=&#8220;#000000&#8243; button_bg_color=&#8220;#FFFFFF&#8220; button_border_width=&#8220;5px&#8220; button_border_color=&#8220;#000000&#8243; button_font=&#8220;|800|||||||&#8220; button_icon=&#8220;&#x35;||divi||400&#8243; button_on_hover=&#8220;off&#8220; global_colors_info=&#8220;{}&#8220;][\/et_pb_button][\/et_pb_column][et_pb_column type=&#8220;1_4&#8243; _builder_version=&#8220;4.20.0&#8243; _module_preset=&#8220;default&#8220; global_colors_info=&#8220;{}&#8220;][et_pb_button button_url=&#8220;https:\/\/schwerereiter.de\/?page_id=1383&#8243; button_text=&#8220;Grundrisse&#8220; button_alignment=&#8220;left&#8220; _builder_version=&#8220;4.27.0&#8243; _module_preset=&#8220;default&#8220; custom_button=&#8220;on&#8220; button_text_color=&#8220;#000000&#8243; button_bg_color=&#8220;#FFFFFF&#8220; button_border_width=&#8220;5px&#8220; button_border_color=&#8220;#000000&#8243; button_font=&#8220;|800|||||||&#8220; button_icon=&#8220;&#x35;||divi||400&#8243; button_on_hover=&#8220;off&#8220; global_colors_info=&#8220;{}&#8220;][\/et_pb_button][\/et_pb_column][et_pb_column type=&#8220;1_4&#8243; _builder_version=&#8220;4.20.0&#8243; _module_preset=&#8220;default&#8220; global_colors_info=&#8220;{}&#8220;][\/et_pb_column][et_pb_column type=&#8220;1_4&#8243; _builder_version=&#8220;4.20.0&#8243; _module_preset=&#8220;default&#8220; global_colors_info=&#8220;{}&#8220;][\/et_pb_column][\/et_pb_row][\/et_pb_section][et_pb_section fb_built=&#8220;1&#8243; _builder_version=&#8220;4.27.0&#8243; _module_preset=&#8220;default&#8220; global_colors_info=&#8220;{}&#8220;][et_pb_row _builder_version=&#8220;4.27.0&#8243; _module_preset=&#8220;default&#8220; global_colors_info=&#8220;{}&#8220;][et_pb_column type=&#8220;4_4&#8243; _builder_version=&#8220;4.27.0&#8243; _module_preset=&#8220;default&#8220; global_colors_info=&#8220;{}&#8220;][et_pb_text _builder_version=&#8220;4.20.0&#8243; _module_preset=&#8220;2b0cb735-5972-4e0e-9496-33b63070f639&#8243; header_font_size=&#8220;10vw&#8220; global_colors_info=&#8220;{}&#8220;]<\/p>\n<h1>Halle | 340 qm\u00b2<\/h1>\n<p>[\/et_pb_text][\/et_pb_column][\/et_pb_row][et_pb_row column_structure=&#8220;2_5,3_5&#8243; _builder_version=&#8220;4.27.0&#8243; _module_preset=&#8220;default&#8220; global_colors_info=&#8220;{}&#8220;][et_pb_column type=&#8220;2_5&#8243; _builder_version=&#8220;4.27.0&#8243; _module_preset=&#8220;default&#8220; global_colors_info=&#8220;{}&#8220;][et_pb_image src=&#8220;https:\/\/schwerereiter.de\/wp-content\/uploads\/2024\/09\/334_LM_210803_0164_MH_Jaist.jpg&#8220; title_text=&#8220;Halle ohne Molton&#8220; _builder_version=&#8220;4.27.0&#8243; _module_preset=&#8220;default&#8220; global_colors_info=&#8220;{}&#8220;][\/et_pb_image][et_pb_image src=&#8220;https:\/\/schwerereiter.de\/wp-content\/uploads\/2024\/09\/334_LM_210803_0165_MH_Jaist.jpg&#8220; title_text=&#8220;Halle teilweise mit Molton &#8220; _builder_version=&#8220;4.27.0&#8243; _module_preset=&#8220;default&#8220; global_colors_info=&#8220;{}&#8220;][\/et_pb_image][et_pb_image src=&#8220;https:\/\/schwerereiter.de\/wp-content\/uploads\/2024\/09\/334_LM_210803_0166_MH_Jaist.jpg&#8220; title_text=&#8220;Halle komplett mit Molton &#8220; _builder_version=&#8220;4.27.0&#8243; _module_preset=&#8220;default&#8220; global_colors_info=&#8220;{}&#8220;][\/et_pb_image][\/et_pb_column][et_pb_column type=&#8220;3_5&#8243; _builder_version=&#8220;4.27.0&#8243; _module_preset=&#8220;default&#8220; global_colors_info=&#8220;{}&#8220;][et_pb_image src=&#8220;https:\/\/schwerereiter.de\/wp-content\/uploads\/2024\/09\/334_LM_210803_0168_MH_Jaist.jpg&#8220; title_text=&#8220;Molton Halle&#8220; _builder_version=&#8220;4.27.0&#8243; _module_preset=&#8220;default&#8220; global_colors_info=&#8220;{}&#8220;][\/et_pb_image][\/et_pb_column][\/et_pb_row][et_pb_row _builder_version=&#8220;4.27.0&#8243; _module_preset=&#8220;default&#8220; global_colors_info=&#8220;{}&#8220;][et_pb_column type=&#8220;4_4&#8243; _builder_version=&#8220;4.27.0&#8243; _module_preset=&#8220;default&#8220; global_colors_info=&#8220;{}&#8220;][et_pb_image src=&#8220;https:\/\/schwerereiter.de\/wp-content\/uploads\/2024\/09\/334_LM_210803_0362_MH_Jaist.jpg&#8220; _builder_version=&#8220;4.27.0&#8243; _module_preset=&#8220;default&#8220; global_colors_info=&#8220;{}&#8220;][\/et_pb_image][\/et_pb_column][\/et_pb_row][et_pb_row _builder_version=&#8220;4.27.0&#8243; _module_preset=&#8220;default&#8220; global_colors_info=&#8220;{}&#8220;][et_pb_column type=&#8220;4_4&#8243; _builder_version=&#8220;4.27.0&#8243; _module_preset=&#8220;default&#8220; global_colors_info=&#8220;{}&#8220;][et_pb_text _builder_version=&#8220;4.20.0&#8243; _module_preset=&#8220;2b0cb735-5972-4e0e-9496-33b63070f639&#8243; header_font_size=&#8220;10vw&#8220; global_colors_info=&#8220;{}&#8220;]<\/p>\n<h1>Studio | 120 qm\u00b2<\/h1>\n<p>[\/et_pb_text][\/et_pb_column][\/et_pb_row][et_pb_row column_structure=&#8220;2_3,1_3&#8243; _builder_version=&#8220;4.27.0&#8243; _module_preset=&#8220;default&#8220; global_colors_info=&#8220;{}&#8220;][et_pb_column type=&#8220;2_3&#8243; _builder_version=&#8220;4.27.0&#8243; _module_preset=&#8220;default&#8220; global_colors_info=&#8220;{}&#8220;][et_pb_image src=&#8220;https:\/\/schwerereiter.de\/wp-content\/uploads\/2024\/09\/334_LM_210803_0325_MH_Jaist.jpg&#8220; _builder_version=&#8220;4.27.0&#8243; _module_preset=&#8220;default&#8220; global_colors_info=&#8220;{}&#8220;][\/et_pb_image][\/et_pb_column][et_pb_column type=&#8220;1_3&#8243; _builder_version=&#8220;4.27.0&#8243; _module_preset=&#8220;default&#8220; global_colors_info=&#8220;{}&#8220;][et_pb_image src=&#8220;https:\/\/schwerereiter.de\/wp-content\/uploads\/2024\/09\/334_LM_210803_0322_MH_Jaist.jpg&#8220; _builder_version=&#8220;4.27.0&#8243; _module_preset=&#8220;default&#8220; global_colors_info=&#8220;{}&#8220;][\/et_pb_image][\/et_pb_column][\/et_pb_row][et_pb_row _builder_version=&#8220;4.27.0&#8243; _module_preset=&#8220;default&#8220; global_colors_info=&#8220;{}&#8220;][et_pb_column type=&#8220;4_4&#8243; _builder_version=&#8220;4.27.0&#8243; _module_preset=&#8220;default&#8220; global_colors_info=&#8220;{}&#8220;][et_pb_image src=&#8220;https:\/\/schwerereiter.de\/wp-content\/uploads\/2024\/09\/334_LM_210803_0319-A_MH_Jaist.jpg&#8220; title_text=&#8220;SWR M\u00fcnchen&#8220; _builder_version=&#8220;4.27.0&#8243; _module_preset=&#8220;default&#8220; global_colors_info=&#8220;{}&#8220;][\/et_pb_image][\/et_pb_column][\/et_pb_row][\/et_pb_section][et_pb_section fb_built=&#8220;1&#8243; admin_label=&#8220;About&#8220; _builder_version=&#8220;4.20.0&#8243; _module_preset=&#8220;default&#8220; background_color=&#8220;gcid-3be8d3fa-8b11-41b4-b614-e601c43d7597&#8243; collapsed=&#8220;on&#8220; global_colors_info=&#8220;{%22gcid-3be8d3fa-8b11-41b4-b614-e601c43d7597%22:%91%22background_color%22%93}&#8220;][et_pb_row column_structure=&#8220;1_2,1_2&#8243; _builder_version=&#8220;4.20.0&#8243; _module_preset=&#8220;default&#8220; width=&#8220;90%&#8220; max_width=&#8220;1400px&#8220; global_colors_info=&#8220;{}&#8220;][et_pb_column type=&#8220;1_2&#8243; _builder_version=&#8220;4.20.0&#8243; _module_preset=&#8220;default&#8220; global_colors_info=&#8220;{}&#8220;][et_pb_text _builder_version=&#8220;4.20.0&#8243; _module_preset=&#8220;f3a1e5f2-cdc9-403a-9a26-e8651e398cc3&#8243; global_colors_info=&#8220;{}&#8220;][\/et_pb_text][\/et_pb_column][et_pb_column type=&#8220;1_2&#8243; _builder_version=&#8220;4.20.0&#8243; _module_preset=&#8220;default&#8220; global_colors_info=&#8220;{}&#8220;][et_pb_text _builder_version=&#8220;4.20.0&#8243; _module_preset=&#8220;f3a1e5f2-cdc9-403a-9a26-e8651e398cc3&#8243; global_colors_info=&#8220;{}&#8220;][\/et_pb_text][\/et_pb_column][\/et_pb_row][\/et_pb_section][et_pb_section fb_built=&#8220;1&#8243; admin_label=&#8220;Features&#8220; _builder_version=&#8220;4.20.0&#8243; _module_preset=&#8220;default&#8220; background_color=&#8220;gcid-3be8d3fa-8b11-41b4-b614-e601c43d7597&#8243; collapsed=&#8220;on&#8220; global_colors_info=&#8220;{%22gcid-3be8d3fa-8b11-41b4-b614-e601c43d7597%22:%91%22background_color%22%93}&#8220;][et_pb_row column_structure=&#8220;1_3,1_3,1_3&#8243; use_custom_gutter=&#8220;on&#8220; gutter_width=&#8220;1&#8243; make_equal=&#8220;on&#8220; _builder_version=&#8220;4.27.0&#8243; _module_preset=&#8220;default&#8220; width=&#8220;90%&#8220; max_width=&#8220;1400px&#8220; custom_padding=&#8220;0px||0px||true|false&#8220; border_width_all=&#8220;2px&#8220; border_color_all=&#8220;#000000&#8243; locked=&#8220;off&#8220; global_colors_info=&#8220;{}&#8220;][et_pb_column type=&#8220;1_3&#8243; _builder_version=&#8220;4.20.0&#8243; _module_preset=&#8220;default&#8220; custom_padding=&#8220;60px|30px|60px|30px|true|true&#8220; custom_padding_tablet=&#8220;40px||40px||true|false&#8220; custom_padding_phone=&#8220;30px|20px|30px|20px|true|true&#8220; custom_padding_last_edited=&#8220;on|desktop&#8220; global_colors_info=&#8220;{}&#8220;][et_pb_icon font_icon=&#8220;&#xf5ce;||fa||900&#8243; icon_width=&#8220;48px&#8220; align=&#8220;left&#8220; _builder_version=&#8220;4.27.0&#8243; _module_preset=&#8220;default&#8220; custom_margin=&#8220;||30px||false|false&#8220; global_colors_info=&#8220;{}&#8220;][\/et_pb_icon][et_pb_text _builder_version=&#8220;4.20.0&#8243; _module_preset=&#8220;67334d6d-ed95-4f01-aa20-b42afea4beb3&#8243; custom_margin=&#8220;||10px||false|false&#8220; global_colors_info=&#8220;{}&#8220;]<\/p>\n<h3>Foyer+Bar<\/h3>\n<p>[\/et_pb_text][et_pb_text _builder_version=&#8220;4.20.0&#8243; _module_preset=&#8220;9031e9ee-c7ba-48b3-9e0f-cdb509564687&#8243; global_colors_info=&#8220;{}&#8220;]<\/p>\n<p>Eine Stunde vor Vorstellungsbeginn \u00f6ffnet unser Foyer samt Bar. Dort k\u00f6nnen Sie kleine Snacks und (nicht-)alkoholische Getr\u00e4nke erwerben. Nach den Vorstellungen bleibt die Bar f\u00fcr Sie noch ge\u00f6ffnet, so dass Sie den Abend gerne bei uns ausklingen lassen k\u00f6nnen.\u00a0<\/p>\n<p>Das Foyer kann auch f\u00fcr Gespr\u00e4chsrunden, Einf\u00fchrungsveranstaltungen, Workshops etc. genutzt werden.<\/p>\n<p>&nbsp;<\/p>\n<p>[\/et_pb_text][\/et_pb_column][et_pb_column type=&#8220;1_3&#8243; _builder_version=&#8220;4.20.0&#8243; _module_preset=&#8220;default&#8220; custom_padding=&#8220;60px|30px|60px|30px|true|true&#8220; custom_padding_tablet=&#8220;40px||40px||true|false&#8220; custom_padding_phone=&#8220;30px|20px|30px|20px|true|true&#8220; custom_padding_last_edited=&#8220;on|desktop&#8220; border_color_all=&#8220;#000000&#8243; border_width_right=&#8220;2px&#8220; border_width_left=&#8220;2px&#8220; border_width_top_tablet=&#8220;2px&#8220; border_width_top_phone=&#8220;2px&#8220; border_width_top_last_edited=&#8220;on|tablet&#8220; border_width_right_tablet=&#8220;0px&#8220; border_width_right_phone=&#8220;0px&#8220; border_width_right_last_edited=&#8220;on|tablet&#8220; border_width_bottom_tablet=&#8220;2px&#8220; border_width_bottom_phone=&#8220;2px&#8220; border_width_bottom_last_edited=&#8220;on|tablet&#8220; border_width_left_tablet=&#8220;0px&#8220; border_width_left_phone=&#8220;0px&#8220; border_width_left_last_edited=&#8220;on|tablet&#8220; global_colors_info=&#8220;{}&#8220;][et_pb_icon font_icon=&#8220;&#xf630;||fa||900&#8243; icon_width=&#8220;48px&#8220; align=&#8220;left&#8220; _builder_version=&#8220;4.27.0&#8243; _module_preset=&#8220;default&#8220; custom_margin=&#8220;||30px||false|false&#8220; global_colors_info=&#8220;{}&#8220;][\/et_pb_icon][et_pb_text _builder_version=&#8220;4.20.0&#8243; _module_preset=&#8220;67334d6d-ed95-4f01-aa20-b42afea4beb3&#8243; custom_margin=&#8220;||10px||false|false&#8220; global_colors_info=&#8220;{}&#8220;]<\/p>\n<h3>Produzieren<\/h3>\n<p>[\/et_pb_text][et_pb_text _builder_version=&#8220;4.27.0&#8243; _module_preset=&#8220;9031e9ee-c7ba-48b3-9e0f-cdb509564687&#8243; global_colors_info=&#8220;{}&#8220;]<\/p>\n<p>Sie m\u00f6chten am schwere reiter im Rahmen eines Gastspiels eine Produktion zeigen?<\/p>\n<p>Dann kontaktieren Sie bitte die jeweilige Sparte:<\/p>\n<p>tanz \u2013\u00a0 <a href=\"mailto:info@tanztendenz.de\">info@tanztendenz.de<\/a><\/p>\n<p>theater\u2013 <a href=\"mailto:katharina.denk@pathos.theater.de\">katharina.denk@pathos.theater.de<\/a><\/p>\n<p>musik \u2013 <a href=\"mailto:cbg@scope-muenchen.de\">cbg@scope-muenchen.de<\/a><\/p>\n<p>&nbsp;<\/p>\n<p>&nbsp;<\/p>\n<p>&nbsp;<\/p>\n<p>&nbsp;<\/p>\n<p>&nbsp;<\/p>\n<p>&nbsp;<\/p>\n<p>&nbsp;<\/p>\n<p>[\/et_pb_text][\/et_pb_column][et_pb_column type=&#8220;1_3&#8243; _builder_version=&#8220;4.20.0&#8243; _module_preset=&#8220;default&#8220; custom_padding=&#8220;60px|30px|60px|30px|true|true&#8220; custom_padding_tablet=&#8220;40px||40px||true|false&#8220; custom_padding_phone=&#8220;30px|20px|30px|20px|true|true&#8220; custom_padding_last_edited=&#8220;on|desktop&#8220; global_colors_info=&#8220;{}&#8220;][et_pb_icon font_icon=&#8220;&#xf86d;||fa||900&#8243; icon_width=&#8220;48px&#8220; align=&#8220;left&#8220; _builder_version=&#8220;4.27.0&#8243; _module_preset=&#8220;default&#8220; custom_margin=&#8220;||30px||false|false&#8220; global_colors_info=&#8220;{}&#8220;][\/et_pb_icon][et_pb_text _builder_version=&#8220;4.27.0&#8243; _module_preset=&#8220;67334d6d-ed95-4f01-aa20-b42afea4beb3&#8243; custom_margin=&#8220;||10px||false|false&#8220; global_colors_info=&#8220;{}&#8220;]<\/p>\n<h3>Mieten<\/h3>\n<p>[\/et_pb_text][et_pb_text _builder_version=&#8220;4.27.0&#8243; _module_preset=&#8220;9031e9ee-c7ba-48b3-9e0f-cdb509564687&#8243; global_colors_info=&#8220;{}&#8220;]<\/p>\n<p>Auch als Privatperson, Verein, Kollektiv, Unternehmen&#8230; k\u00f6nnen Sie unsere R\u00e4umlichkeiten f\u00fcr Ihre Veranstaltungen, Proben oder Projekte mieten.<\/p>\n<p>Kontaktieren Sie uns hierzu unter:<\/p>\n<p><a href=\"mailto:info@schwerereiter.de\">info@schwerereiter.de<\/a><\/p>\n<p>&nbsp;<\/p>\n<p>[\/et_pb_text][\/et_pb_column][\/et_pb_row][\/et_pb_section]<\/p>\n","protected":false},"excerpt":{"rendered":"<p>R\u00e4ume+TechnikHalle | 340 qm\u00b2Studio | 120 qm\u00b2Foyer+BarEine Stunde vor Vorstellungsbeginn \u00f6ffnet unser Foyer samt Bar. Dort k\u00f6nnen Sie kleine Snacks und (nicht-)alkoholische Getr\u00e4nke erwerben. Nach den Vorstellungen bleibt die Bar [&hellip;]<\/p>\n","protected":false},"author":2,"featured_media":0,"parent":0,"menu_order":0,"comment_status":"closed","ping_status":"closed","template":"","meta":{"_et_pb_use_builder":"on","_et_pb_old_content":"","_et_gb_content_width":"","footnotes":""},"class_list":["post-1289","page","type-page","status-publish","hentry"],"_links":{"self":[{"href":"https:\/\/schwerereiter.de\/index.php?rest_route=\/wp\/v2\/pages\/1289","targetHints":{"allow":["GET"]}}],"collection":[{"href":"https:\/\/schwerereiter.de\/index.php?rest_route=\/wp\/v2\/pages"}],"about":[{"href":"https:\/\/schwerereiter.de\/index.php?rest_route=\/wp\/v2\/types\/page"}],"author":[{"embeddable":true,"href":"https:\/\/schwerereiter.de\/index.php?rest_route=\/wp\/v2\/users\/2"}],"replies":[{"embeddable":true,"href":"https:\/\/schwerereiter.de\/index.php?rest_route=%2Fwp%2Fv2%2Fcomments&post=1289"}],"version-history":[{"count":16,"href":"https:\/\/schwerereiter.de\/index.php?rest_route=\/wp\/v2\/pages\/1289\/revisions"}],"predecessor-version":[{"id":2286,"href":"https:\/\/schwerereiter.de\/index.php?rest_route=\/wp\/v2\/pages\/1289\/revisions\/2286"}],"wp:attachment":[{"href":"https:\/\/schwerereiter.de\/index.php?rest_route=%2Fwp%2Fv2%2Fmedia&parent=1289"}],"curies":[{"name":"wp","href":"https:\/\/api.w.org\/{rel}","templated":true}]}}