{"id":160,"date":"2024-04-24T11:17:49","date_gmt":"2024-04-24T09:17:49","guid":{"rendered":"https:\/\/schwerereiter.de\/?page_id=160"},"modified":"2026-04-07T18:25:58","modified_gmt":"2026-04-07T16:25:58","slug":"160-2","status":"publish","type":"page","link":"https:\/\/schwerereiter.de\/?page_id=160","title":{"rendered":"Kontakt"},"content":{"rendered":"<p>[et_pb_section fb_built=&#8220;1&#8243; admin_label=&#8220;Header&#8220; _builder_version=&#8220;4.27.4&#8243; _module_preset=&#8220;default&#8220; background_color=&#8220;#EDF000&#8243; locked=&#8220;off&#8220; collapsed=&#8220;on&#8220; global_colors_info=&#8220;{}&#8220;][et_pb_row _builder_version=&#8220;4.27.4&#8243; _module_preset=&#8220;default&#8220; width=&#8220;90%&#8220; max_width=&#8220;none&#8220; global_colors_info=&#8220;{}&#8220;][et_pb_column type=&#8220;4_4&#8243; _builder_version=&#8220;4.20.0&#8243; _module_preset=&#8220;default&#8220; global_colors_info=&#8220;{}&#8220;][et_pb_text _builder_version=&#8220;4.27.4&#8243; _module_preset=&#8220;dca75fae-eb99-451b-874b-0e6d477b164c&#8220; width=&#8220;100%&#8220; max_width=&#8220;100%&#8220; custom_margin=&#8220;||0px||false|false&#8220; global_colors_info=&#8220;{}&#8220;]<\/p>\n<h1>Kontakt<\/h1>\n<p>[\/et_pb_text][et_pb_text _builder_version=&#8220;4.20.0&#8243; _module_preset=&#8220;1a5a3b2b-015b-4cdc-acca-c10b377620bb&#8220; global_colors_info=&#8220;{}&#8220;][\/et_pb_text][\/et_pb_column][\/et_pb_row][et_pb_row column_structure=&#8220;1_3,1_3,1_3&#8243; use_custom_gutter=&#8220;on&#8220; gutter_width=&#8220;1&#8243; make_equal=&#8220;on&#8220; _builder_version=&#8220;4.27.4&#8243; _module_preset=&#8220;default&#8220; background_color=&#8220;#FFFFFF&#8220; width=&#8220;90%&#8220; max_width=&#8220;none&#8220; custom_padding=&#8220;0px||0px||true|false&#8220; border_width_all=&#8220;2px&#8220; border_color_all=&#8220;#000000&#8243; locked=&#8220;off&#8220; global_colors_info=&#8220;{}&#8220;][et_pb_column type=&#8220;1_3&#8243; _builder_version=&#8220;4.20.0&#8243; _module_preset=&#8220;default&#8220; custom_padding=&#8220;60px|30px|60px|30px|true|true&#8220; custom_padding_tablet=&#8220;40px||40px||true|false&#8220; custom_padding_phone=&#8220;30px|20px|30px|20px|true|true&#8220; custom_padding_last_edited=&#8220;on|desktop&#8220; global_colors_info=&#8220;{}&#8220;][et_pb_icon font_icon=&#8220;&#xf10b;||fa||900&#8243; icon_width=&#8220;48px&#8220; align=&#8220;left&#8220; _builder_version=&#8220;4.20.0&#8243; _module_preset=&#8220;default&#8220; custom_margin=&#8220;||30px||false|false&#8220; global_colors_info=&#8220;{}&#8220;][\/et_pb_icon][et_pb_text _builder_version=&#8220;4.20.0&#8243; _module_preset=&#8220;6bf1a001-04a6-4f4b-855b-0f238cd1232c&#8220; custom_margin=&#8220;||10px||false|false&#8220; global_colors_info=&#8220;{}&#8220;]<\/p>\n<h3>Telefon<\/h3>\n<p>[\/et_pb_text][et_pb_text _builder_version=&#8220;4.27.2&#8243; _module_preset=&#8220;84738d08-8c13-48be-bad4-d5446a1588b1&#8243; global_colors_info=&#8220;{}&#8220;]<\/p>\n<p>+49 89 389 97991<\/p>\n<p>[\/et_pb_text][\/et_pb_column][et_pb_column type=&#8220;1_3&#8243; _builder_version=&#8220;4.20.0&#8243; _module_preset=&#8220;default&#8220; custom_padding=&#8220;60px|30px|60px|30px|true|true&#8220; custom_padding_tablet=&#8220;40px||40px||true|false&#8220; custom_padding_phone=&#8220;30px|20px|30px|20px|true|true&#8220; custom_padding_last_edited=&#8220;on|desktop&#8220; border_color_all=&#8220;#000000&#8243; border_width_right=&#8220;2px&#8220; border_width_left=&#8220;2px&#8220; border_width_top_tablet=&#8220;2px&#8220; border_width_top_phone=&#8220;2px&#8220; border_width_top_last_edited=&#8220;on|tablet&#8220; border_width_right_tablet=&#8220;0px&#8220; border_width_right_phone=&#8220;0px&#8220; border_width_right_last_edited=&#8220;on|tablet&#8220; border_width_bottom_tablet=&#8220;2px&#8220; border_width_bottom_phone=&#8220;2px&#8220; border_width_bottom_last_edited=&#8220;on|tablet&#8220; border_width_left_tablet=&#8220;0px&#8220; border_width_left_phone=&#8220;0px&#8220; border_width_left_last_edited=&#8220;on|tablet&#8220; global_colors_info=&#8220;{}&#8220;][et_pb_icon font_icon=&#8220;&#xf2b6;||fa||900&#8243; icon_width=&#8220;48px&#8220; align=&#8220;left&#8220; _builder_version=&#8220;4.20.0&#8243; _module_preset=&#8220;default&#8220; custom_margin=&#8220;||30px||false|false&#8220; global_colors_info=&#8220;{}&#8220;][\/et_pb_icon][et_pb_text _builder_version=&#8220;4.20.0&#8243; _module_preset=&#8220;6bf1a001-04a6-4f4b-855b-0f238cd1232c&#8220; custom_margin=&#8220;||10px||false|false&#8220; global_colors_info=&#8220;{}&#8220;]<\/p>\n<h3>Email<\/h3>\n<p>[\/et_pb_text][et_pb_text _builder_version=&#8220;4.25.0&#8243; _module_preset=&#8220;84738d08-8c13-48be-bad4-d5446a1588b1&#8243; link_text_color=&#8220;#000000&#8243; global_colors_info=&#8220;{%22gcid-89ade5c1-8cb2-4026-a48f-a0b1f9f98f24%22:%91%22quote_border_color%22,%22quote_border_color%22%93}&#8220;]<\/p>\n<p>info@schwerereiter.de<\/p>\n<p>[\/et_pb_text][\/et_pb_column][et_pb_column type=&#8220;1_3&#8243; _builder_version=&#8220;4.20.0&#8243; _module_preset=&#8220;default&#8220; custom_padding=&#8220;60px|30px|60px|30px|true|true&#8220; custom_padding_tablet=&#8220;40px||40px||true|false&#8220; custom_padding_phone=&#8220;30px|20px|30px|20px|true|true&#8220; custom_padding_last_edited=&#8220;on|desktop&#8220; global_colors_info=&#8220;{}&#8220;][et_pb_icon font_icon=&#8220;&#xf3c5;||fa||900&#8243; icon_width=&#8220;48px&#8220; align=&#8220;left&#8220; _builder_version=&#8220;4.20.0&#8243; _module_preset=&#8220;default&#8220; custom_margin=&#8220;||30px||false|false&#8220; global_colors_info=&#8220;{}&#8220;][\/et_pb_icon][et_pb_text _builder_version=&#8220;4.20.0&#8243; _module_preset=&#8220;6bf1a001-04a6-4f4b-855b-0f238cd1232c&#8220; custom_margin=&#8220;||10px||false|false&#8220; global_colors_info=&#8220;{}&#8220;]<\/p>\n<h3>Adresse<\/h3>\n<p>[\/et_pb_text][et_pb_text _builder_version=&#8220;4.25.0&#8243; _module_preset=&#8220;84738d08-8c13-48be-bad4-d5446a1588b1&#8243; global_colors_info=&#8220;{}&#8220;]<\/p>\n<p>Dachauer Stra\u00dfe 114a, 80636 M\u00fcnchen (Kreativquartier)<\/p>\n<p>[\/et_pb_text][\/et_pb_column][\/et_pb_row][\/et_pb_section][et_pb_section fb_built=&#8220;1&#8243; admin_label=&#8220;Header&#8220; _builder_version=&#8220;4.27.4&#8243; _module_preset=&#8220;default&#8220; background_color=&#8220;#EDF000&#8243; locked=&#8220;off&#8220; collapsed=&#8220;on&#8220; global_colors_info=&#8220;{}&#8220;][et_pb_row column_structure=&#8220;1_3,1_3,1_3&#8243; use_custom_gutter=&#8220;on&#8220; gutter_width=&#8220;1&#8243; make_equal=&#8220;on&#8220; _builder_version=&#8220;4.27.4&#8243; _module_preset=&#8220;default&#8220; background_color=&#8220;#FFFFFF&#8220; width=&#8220;90%&#8220; max_width=&#8220;none&#8220; custom_padding=&#8220;0px||0px||true|false&#8220; border_width_all=&#8220;2px&#8220; border_color_all=&#8220;#000000&#8243; locked=&#8220;off&#8220; global_colors_info=&#8220;{}&#8220;][et_pb_column type=&#8220;1_3&#8243; _builder_version=&#8220;4.20.0&#8243; _module_preset=&#8220;default&#8220; custom_padding=&#8220;60px|30px|60px|30px|true|true&#8220; custom_padding_tablet=&#8220;40px||40px||true|false&#8220; custom_padding_phone=&#8220;30px|20px|30px|20px|true|true&#8220; custom_padding_last_edited=&#8220;on|desktop&#8220; global_colors_info=&#8220;{}&#8220;][et_pb_icon font_icon=&#8220;&#x37;||divi||400&#8243; icon_width=&#8220;48px&#8220; align=&#8220;left&#8220; _builder_version=&#8220;4.27.0&#8243; _module_preset=&#8220;default&#8220; custom_margin=&#8220;||30px||false|false&#8220; global_colors_info=&#8220;{}&#8220;][\/et_pb_icon][et_pb_text _builder_version=&#8220;4.20.0&#8243; _module_preset=&#8220;6bf1a001-04a6-4f4b-855b-0f238cd1232c&#8220; custom_margin=&#8220;||10px||false|false&#8220; global_colors_info=&#8220;{}&#8220;]<\/p>\n<h3>tanz<\/h3>\n<p>[\/et_pb_text][et_pb_text _builder_version=&#8220;4.27.5&#8243; _module_preset=&#8220;84738d08-8c13-48be-bad4-d5446a1588b1&#8243; hover_enabled=&#8220;0&#8243; global_colors_info=&#8220;{}&#8220; sticky_enabled=&#8220;0&#8243; text_line_height=&#8220;1em&#8220;]<\/p>\n<p><strong><\/strong><\/p>\n<p><strong>Kontakt Presse- und \u00d6ffentlichkeitsarbeit<\/strong><\/p>\n<p>presse@tanztendenz.de<strong><\/strong><\/p>\n<p>&nbsp;<\/p>\n<p><strong>Anfragen zu Kooperationen und\u00a0 Spielst\u00e4tten <\/strong><\/p>\n<p>kalka@tanztendenz.de<\/p>\n<p><strong><\/strong><\/p>\n<p>&nbsp;<\/p>\n<p>[\/et_pb_text][\/et_pb_column][et_pb_column type=&#8220;1_3&#8243; _builder_version=&#8220;4.20.0&#8243; _module_preset=&#8220;default&#8220; custom_padding=&#8220;60px|30px|60px|30px|true|true&#8220; custom_padding_tablet=&#8220;40px||40px||true|false&#8220; custom_padding_phone=&#8220;30px|20px|30px|20px|true|true&#8220; custom_padding_last_edited=&#8220;on|desktop&#8220; border_color_all=&#8220;#000000&#8243; border_width_right=&#8220;2px&#8220; border_width_left=&#8220;2px&#8220; border_width_top_tablet=&#8220;2px&#8220; border_width_top_phone=&#8220;2px&#8220; border_width_top_last_edited=&#8220;on|tablet&#8220; border_width_right_tablet=&#8220;0px&#8220; border_width_right_phone=&#8220;0px&#8220; border_width_right_last_edited=&#8220;on|tablet&#8220; border_width_bottom_tablet=&#8220;2px&#8220; border_width_bottom_phone=&#8220;2px&#8220; border_width_bottom_last_edited=&#8220;on|tablet&#8220; border_width_left_tablet=&#8220;0px&#8220; border_width_left_phone=&#8220;0px&#8220; border_width_left_last_edited=&#8220;on|tablet&#8220; global_colors_info=&#8220;{}&#8220;][et_pb_icon font_icon=&#8220;&#x37;||divi||400&#8243; icon_width=&#8220;48px&#8220; align=&#8220;left&#8220; _builder_version=&#8220;4.27.0&#8243; _module_preset=&#8220;default&#8220; custom_margin=&#8220;||30px||false|false&#8220; global_colors_info=&#8220;{}&#8220;][\/et_pb_icon][et_pb_text _builder_version=&#8220;4.27.0&#8243; _module_preset=&#8220;6bf1a001-04a6-4f4b-855b-0f238cd1232c&#8220; custom_margin=&#8220;||10px||false|false&#8220; global_colors_info=&#8220;{}&#8220;]<\/p>\n<h3>theater<\/h3>\n<p>[\/et_pb_text][et_pb_text _builder_version=&#8220;4.27.5&#8243; _module_preset=&#8220;84738d08-8c13-48be-bad4-d5446a1588b1&#8243; link_text_color=&#8220;#000000&#8243; hover_enabled=&#8220;0&#8243; global_colors_info=&#8220;{%22gcid-89ade5c1-8cb2-4026-a48f-a0b1f9f98f24%22:%91%22quote_border_color%22,%22quote_border_color%22%93}&#8220; sticky_enabled=&#8220;0&#8243;]<\/p>\n<p><strong>Kontakt Presse- und \u00d6ffentlichkeitsarbeit<\/strong><br \/><a href=\"mailto:presse@pathos.theater\">presse@pathos.theater<\/a><\/p>\n<p><strong><span>Fragen zum Ticketing<br \/><\/span><\/strong><a href=\"mailto:ticket@pathos.theater\">ticket@pathos.theater<\/a><\/p>\n<p><strong>Anfragen zu Gastspielen, Koproduktionen und Spielst\u00e4tten<\/strong><br \/><a href=\"mailto:katharina.denk@pathosmuenchen.de\">leitung@pathos.theater<\/a><\/p>\n<p>[\/et_pb_text][\/et_pb_column][et_pb_column type=&#8220;1_3&#8243; _builder_version=&#8220;4.27.0&#8243; _module_preset=&#8220;default&#8220; custom_padding=&#8220;60px|30px|60px|30px|true|true&#8220; custom_padding_tablet=&#8220;40px||40px||true|false&#8220; custom_padding_phone=&#8220;30px|20px|30px|20px|true|true&#8220; custom_padding_last_edited=&#8220;on|desktop&#8220; link_option_url=&#8220;cbg@scope-muenchen.de&#8220; link_option_url_new_window=&#8220;on&#8220; global_colors_info=&#8220;{}&#8220;][et_pb_icon font_icon=&#8220;&#x37;||divi||400&#8243; icon_width=&#8220;48px&#8220; align=&#8220;left&#8220; _builder_version=&#8220;4.27.0&#8243; _module_preset=&#8220;default&#8220; custom_margin=&#8220;||30px||false|false&#8220; global_colors_info=&#8220;{}&#8220;][\/et_pb_icon][et_pb_text _builder_version=&#8220;4.20.0&#8243; _module_preset=&#8220;6bf1a001-04a6-4f4b-855b-0f238cd1232c&#8220; custom_margin=&#8220;||10px||false|false&#8220; global_colors_info=&#8220;{}&#8220;]<\/p>\n<h3>musik<\/h3>\n<p>[\/et_pb_text][et_pb_text _builder_version=&#8220;4.27.0&#8243; _module_preset=&#8220;84738d08-8c13-48be-bad4-d5446a1588b1&#8243; global_colors_info=&#8220;{}&#8220;]<\/p>\n<p>cbg@scope-muenchen.de<\/p>\n<p>[\/et_pb_text][\/et_pb_column][\/et_pb_row][\/et_pb_section][et_pb_section fb_built=&#8220;1&#8243; _builder_version=&#8220;4.25.0&#8243; _module_preset=&#8220;default&#8220; background_color=&#8220;#dfdbd8&#8243; global_colors_info=&#8220;{}&#8220;][et_pb_row _builder_version=&#8220;4.25.0&#8243; _module_preset=&#8220;default&#8220; global_colors_info=&#8220;{}&#8220;][et_pb_column type=&#8220;4_4&#8243; _builder_version=&#8220;4.25.0&#8243; _module_preset=&#8220;default&#8220; global_colors_info=&#8220;{}&#8220;][et_pb_text _builder_version=&#8220;4.20.0&#8243; _module_preset=&#8220;dca75fae-eb99-451b-874b-0e6d477b164c&#8220; custom_margin=&#8220;||0px||false|false&#8220; global_colors_info=&#8220;{}&#8220;]<\/p>\n<h1>Newsletter<\/h1>\n<p>[\/et_pb_text][et_pb_code _builder_version=&#8220;4.27.4&#8243; _module_preset=&#8220;default&#8220; global_colors_info=&#8220;{}&#8220;]<iframe loading=\"lazy\" width=\"1200\" height=\"500\" src=\"https:\/\/60d9fd2c.sibforms.com\/serve\/MUIFAORpGRKus3qS_L2fBfF0LGesmLunPKTpjen8xngYFjwr4YTEYYpW5sIK3pCaWbcaqniVLVAi0J9mbl2RDx-2RdmEjSZ3BXAev7-WyPg11xYonxErnXMdccn0mFZpS6WYnXO9DK_cG__gROokKW8rSnkxhL4DOoCdj-YbDr4-kuxT_1Ks5TyHiUzn7kKazPSo_8a-8Thd34I-\" frameborder=\"0\" scrolling=\"auto\" allowfullscreen style=\"display: block;margin-left: auto;margin-right: auto;max-width: 100%;\"><\/iframe>[\/et_pb_code][\/et_pb_column][\/et_pb_row][\/et_pb_section][et_pb_section fb_built=&#8220;1&#8243; _builder_version=&#8220;4.25.0&#8243; _module_preset=&#8220;default&#8220; background_color=&#8220;#EDF000&#8243; global_colors_info=&#8220;{}&#8220;][et_pb_row _builder_version=&#8220;4.25.0&#8243; _module_preset=&#8220;default&#8220; global_colors_info=&#8220;{}&#8220;][et_pb_column type=&#8220;4_4&#8243; _builder_version=&#8220;4.25.0&#8243; _module_preset=&#8220;default&#8220; background_color=&#8220;RGBA(255,255,255,0)&#8220; global_colors_info=&#8220;{}&#8220;][et_pb_image src=&#8220;https:\/\/schwerereiter.de\/wp-content\/uploads\/2024\/04\/map.png&#8220; title_text=&#8220;map&#8220; _builder_version=&#8220;4.25.0&#8243; _module_preset=&#8220;default&#8220; global_colors_info=&#8220;{}&#8220;][\/et_pb_image][\/et_pb_column][\/et_pb_row][et_pb_row column_structure=&#8220;1_2,1_2&#8243; _builder_version=&#8220;4.25.0&#8243; _module_preset=&#8220;default&#8220; global_colors_info=&#8220;{}&#8220;][et_pb_column type=&#8220;1_2&#8243; _builder_version=&#8220;4.25.0&#8243; _module_preset=&#8220;default&#8220; global_colors_info=&#8220;{}&#8220;][et_pb_code _builder_version=&#8220;4.25.0&#8243; _module_preset=&#8220;default&#8220; global_colors_info=&#8220;{}&#8220;]<a href=\"https:\/\/efa.mvv-muenchen.de\/index.html?name_origin=&#038;name_destination=streetID%3A1500000402%3A114a%3A9162000%3A-1%3ADachauer%20Stra%C3%9Fe%3AM%C3%BCnchen%3ADachauer%20Stra%C3%9Fe%3A%3ADachauer%20Stra%C3%9Fe%3A80636%3AANY%3ADIVA_SINGLEHOUSE%3A1285629%3A5866587%3AMRCV%3ABAY&#038;itdTripDateTimeDepArr=departure\" target=\"_blank\" rel=\"noopener\"><img decoding=\"async\" alt=\"Details zur Anfahrt\" src=\"https:\/\/www.mvv-muenchen.de\/typo3conf\/ext\/sn_mvv_efa\/Resources\/Public\/Images\/2019_ihr_weg_zu_uns.svg\" style=\"width: 100%; height: auto;\"\/><\/a>[\/et_pb_code][\/et_pb_column][et_pb_column type=&#8220;1_2&#8243; _builder_version=&#8220;4.25.0&#8243; _module_preset=&#8220;default&#8220; global_colors_info=&#8220;{}&#8220;][et_pb_text _builder_version=&#8220;4.25.0&#8243; _module_preset=&#8220;default&#8220; global_colors_info=&#8220;{}&#8220;]<\/p>\n<p>Sie erreichen uns bequem mit den \u00f6ffentlichen Verkehrsmitteln (Haltestelle Leonrodplatz) per Tram 12\/ 20\/ 21 oder Bus 53.<\/p>\n<p>Parkpl\u00e4tze f\u00fcr Menschen mit Behinderung sind vorhanden.\u00a0<\/p>\n<p>[\/et_pb_text][\/et_pb_column][\/et_pb_row][\/et_pb_section]<\/p>\n","protected":false},"excerpt":{"rendered":"<p>KontaktTelefon+49 89 389 97991Emailinfo@schwerereiter.deAdresseDachauer Stra\u00dfe 114a, 80636 M\u00fcnchen (Kreativquartier)tanz Kontakt Presse- und \u00d6ffentlichkeitsarbeit presse@tanztendenz.de &nbsp; Anfragen zu Kooperationen und\u00a0 Spielst\u00e4tten kalka@tanztendenz.de &nbsp;theaterKontakt Presse- und \u00d6ffentlichkeitsarbeitpresse@pathos.theater Fragen zum Ticketingticket@pathos.theater Anfragen zu [&hellip;]<\/p>\n","protected":false},"author":2,"featured_media":0,"parent":0,"menu_order":0,"comment_status":"closed","ping_status":"closed","template":"","meta":{"_et_pb_use_builder":"on","_et_pb_old_content":"","_et_gb_content_width":"","footnotes":""},"class_list":["post-160","page","type-page","status-publish","hentry"],"_links":{"self":[{"href":"https:\/\/schwerereiter.de\/index.php?rest_route=\/wp\/v2\/pages\/160","targetHints":{"allow":["GET"]}}],"collection":[{"href":"https:\/\/schwerereiter.de\/index.php?rest_route=\/wp\/v2\/pages"}],"about":[{"href":"https:\/\/schwerereiter.de\/index.php?rest_route=\/wp\/v2\/types\/page"}],"author":[{"embeddable":true,"href":"https:\/\/schwerereiter.de\/index.php?rest_route=\/wp\/v2\/users\/2"}],"replies":[{"embeddable":true,"href":"https:\/\/schwerereiter.de\/index.php?rest_route=%2Fwp%2Fv2%2Fcomments&post=160"}],"version-history":[{"count":23,"href":"https:\/\/schwerereiter.de\/index.php?rest_route=\/wp\/v2\/pages\/160\/revisions"}],"predecessor-version":[{"id":8233,"href":"https:\/\/schwerereiter.de\/index.php?rest_route=\/wp\/v2\/pages\/160\/revisions\/8233"}],"wp:attachment":[{"href":"https:\/\/schwerereiter.de\/index.php?rest_route=%2Fwp%2Fv2%2Fmedia&parent=160"}],"curies":[{"name":"wp","href":"https:\/\/api.w.org\/{rel}","templated":true}]}}