{"id":7856,"date":"2026-02-04T13:51:57","date_gmt":"2026-02-04T12:51:57","guid":{"rendered":"https:\/\/schwerereiter.de\/?page_id=7856"},"modified":"2026-02-04T13:51:57","modified_gmt":"2026-02-04T12:51:57","slug":"residenzortbestaetigung","status":"publish","type":"page","link":"https:\/\/schwerereiter.de\/?page_id=7856","title":{"rendered":"Residenzortbest\u00e4tigung"},"content":{"rendered":"<p>[et_pb_section fb_built=&#8220;1&#8243; admin_label=&#8220;Header&#8220; _builder_version=&#8220;4.20.0&#8243; _module_preset=&#8220;default&#8220; background_color=&#8220;gcid-3be8d3fa-8b11-41b4-b614-e601c43d7597&#8243; collapsed=&#8220;on&#8220; global_colors_info=&#8220;{%22gcid-3be8d3fa-8b11-41b4-b614-e601c43d7597%22:%91%22background_color%22%93}&#8220; theme_builder_area=&#8220;post_content&#8220;][et_pb_row _builder_version=&#8220;4.20.0&#8243; _module_preset=&#8220;default&#8220; width=&#8220;90%&#8220; max_width=&#8220;none&#8220; global_colors_info=&#8220;{}&#8220; theme_builder_area=&#8220;post_content&#8220;][et_pb_column type=&#8220;4_4&#8243; _builder_version=&#8220;4.20.0&#8243; _module_preset=&#8220;default&#8220; global_colors_info=&#8220;{}&#8220; theme_builder_area=&#8220;post_content&#8220;][et_pb_text _builder_version=&#8220;4.27.4&#8243; _module_preset=&#8220;1ed6b0fd-9dae-4de1-aee3-fa82c7712fd4&#8243; header_font_size=&#8220;10vw&#8220; hover_enabled=&#8220;0&#8243; global_colors_info=&#8220;{}&#8220; theme_builder_area=&#8220;post_content&#8220; sticky_enabled=&#8220;0&#8243;]<\/p>\n<h1>Deine Residenz am schwere reiter 2026<\/h1>\n<p>[\/et_pb_text][\/et_pb_column][\/et_pb_row][et_pb_row _builder_version=&#8220;4.20.0&#8243; _module_preset=&#8220;default&#8220; width=&#8220;90%&#8220; max_width=&#8220;1400px&#8220; global_colors_info=&#8220;{}&#8220; theme_builder_area=&#8220;post_content&#8220;][et_pb_column type=&#8220;4_4&#8243; _builder_version=&#8220;4.20.0&#8243; _module_preset=&#8220;default&#8220; global_colors_info=&#8220;{}&#8220; theme_builder_area=&#8220;post_content&#8220;][et_pb_text _builder_version=&#8220;4.27.4&#8243; _module_preset=&#8220;cfdd881f-2ee5-462f-b24b-2783c996a59c&#8220; hover_enabled=&#8220;0&#8243; locked=&#8220;off&#8220; global_colors_info=&#8220;{}&#8220; theme_builder_area=&#8220;post_content&#8220; sticky_enabled=&#8220;0&#8243;]<\/p>\n<p>Als Teil des <strong>FLUKKS-Netzwerks<\/strong> sind wir ein Residenzort f\u00fcr die\u00a0<a href=\"https:\/\/www.fonds-daku.de\/foerderung\/foerderprogramme\/residenzfoerderung\/residenzfoerderung-2\/\"><strong>Residenzf\u00f6rderung des Fonds Darstellende K\u00fcnste<\/strong><\/a>.<\/p>\n<p>&nbsp;<\/p>\n<p><strong>Du m\u00f6chtest dich bei uns bewerben?<\/strong><\/p>\n<p>Im Folgenden findest du alle wichtigen Infos dazu:<\/p>\n<p>&nbsp;<\/p>\n<p><strong>Rahmenbedingungen der Residenz<\/strong><\/p>\n<ul>\n<li>Dauer: max. 3 Wochen<\/li>\n<li>Zeitraum: 17.08.-04.09.2026<\/li>\n<\/ul>\n<ul>\n<li>Nutzung eines Probenraums (120qm\/340qm)<\/li>\n<li>Technisches Equipment nach Absprache<\/li>\n<li>Die Residenz ist thematisch offen und prozessorientiert; als Mehrspartenhaus (tanz theater musik) interessieren uns insbesondere Vorhaben, die einen Fokus auf interdisziplin\u00e4res Arbeiten legen<\/li>\n<li>Ein \u00f6ffentliches Showing, Practice Sharing, Lecture oder Workshop ist im Rahmen deiner Residenz m\u00f6glich.<\/li>\n<\/ul>\n<p><strong><\/strong><\/p>\n<p><strong><\/strong><\/p>\n<p><strong>Organisation &amp; Finanzierung<\/strong><\/p>\n<ul>\n<li>Wir k\u00f6nnen\u00a0<strong>keine<\/strong>\u00a0Unterkunft in M\u00fcnchen zur Verf\u00fcgung stellen, sind aber gerne bei der Organisation behilflich.<\/li>\n<li>Reisekosten, Unterkunft sowie K\u00fcnstler*innenhonorare m\u00fcssen \u00fcber die Residenzf\u00f6rderung des Fonds Darstellende K\u00fcnste finanziert werden<\/li>\n<\/ul>\n<p>&nbsp;<\/p>\n<p>Bitte schicke uns\u00a0<strong>bis sp\u00e4testens 20. Februar 2026<\/strong>\u00a0folgende Unterlagen per E-Mail an\u00a0<a href=\"mailto:franssen@schwerereiter.de\">franssen@schwerereiter.de<\/a><strong><u>: <\/u><\/strong><\/p>\n<ul>\n<li>Kurze <strong>Skizze<\/strong> des k\u00fcnstlerischen Vorhabens<\/li>\n<\/ul>\n<p>(max. 1 Seite)<\/p>\n<ul>\n<li><strong>Kurzbiografien<\/strong> aller Beteiligten mit Hinweisen auf bisherige k\u00fcnstlerische Arbeiten<\/li>\n<li>Angabe der genauen <strong>kalendarischen Daten <\/strong><\/li>\n<\/ul>\n<p>&nbsp;<\/p>\n<p>Aus allen eingegangenen Anfragen w\u00e4hlen wir\u00a0<strong>ein Vorhaben<\/strong>\u00a0aus und stellen die f\u00fcr den Antrag beim Fonds Darstellende K\u00fcnste erforderliche <strong>Residenzortbest\u00e4tigung<\/strong> aus. Anfragen, die nach dem 20. Februar 2026 eingehen, k\u00f6nnen wir leider nicht ber\u00fccksichtigen.<\/p>\n<p>&nbsp;<\/p>\n<p>Alle Informationen zum F\u00f6rderprogramm findest du auf der Website des <strong>Fonds Darstellende K\u00fcnste<\/strong>.<\/p>\n<p>&nbsp;<\/p>\n<p>Wir freuen uns auf deine Bewerbung!<\/p>\n<p>[\/et_pb_text][\/et_pb_column][\/et_pb_row][\/et_pb_section][et_pb_section fb_built=&#8220;1&#8243; admin_label=&#8220;Footer&#8220; _builder_version=&#8220;4.20.0&#8243; _module_preset=&#8220;default&#8220; custom_padding=&#8220;0px||0px||true|false&#8220; saved_tabs=&#8220;all&#8220; collapsed=&#8220;on&#8220; global_colors_info=&#8220;{}&#8220; theme_builder_area=&#8220;post_content&#8220;][et_pb_row _builder_version=&#8220;4.20.0&#8243; _module_preset=&#8220;default&#8220; width=&#8220;100%&#8220; max_width=&#8220;none&#8220; custom_padding=&#8220;0px||0px||true|false&#8220; locked=&#8220;off&#8220; global_colors_info=&#8220;{}&#8220; theme_builder_area=&#8220;post_content&#8220;][et_pb_column type=&#8220;4_4&#8243; _builder_version=&#8220;4.20.0&#8243; _module_preset=&#8220;default&#8220; global_colors_info=&#8220;{}&#8220; theme_builder_area=&#8220;post_content&#8220;][et_pb_image src=&#8220;https:\/\/schwerereiter.de\/wp-content\/uploads\/2026\/02\/334_LM_210803_0058_MH_Jaist.jpg&#8220; title_text=&#8220;SWR M\u00fcnchen&#8220; force_fullwidth=&#8220;on&#8220; _builder_version=&#8220;4.27.4&#8243; _module_preset=&#8220;default&#8220; hover_enabled=&#8220;0&#8243; global_colors_info=&#8220;{}&#8220; theme_builder_area=&#8220;post_content&#8220; sticky_enabled=&#8220;0&#8243;][\/et_pb_image][\/et_pb_column][\/et_pb_row][\/et_pb_section]<\/p>\n","protected":false},"excerpt":{"rendered":"<p>Deine Residenz am schwere reiter 2026Als Teil des FLUKKS-Netzwerks sind wir ein Residenzort f\u00fcr die\u00a0Residenzf\u00f6rderung des Fonds Darstellende K\u00fcnste. &nbsp; Du m\u00f6chtest dich bei uns bewerben? Im Folgenden findest du [&hellip;]<\/p>\n","protected":false},"author":4,"featured_media":0,"parent":0,"menu_order":0,"comment_status":"closed","ping_status":"closed","template":"","meta":{"_et_pb_use_builder":"on","_et_pb_old_content":"","_et_gb_content_width":"","footnotes":""},"class_list":["post-7856","page","type-page","status-publish","hentry"],"_links":{"self":[{"href":"https:\/\/schwerereiter.de\/index.php?rest_route=\/wp\/v2\/pages\/7856","targetHints":{"allow":["GET"]}}],"collection":[{"href":"https:\/\/schwerereiter.de\/index.php?rest_route=\/wp\/v2\/pages"}],"about":[{"href":"https:\/\/schwerereiter.de\/index.php?rest_route=\/wp\/v2\/types\/page"}],"author":[{"embeddable":true,"href":"https:\/\/schwerereiter.de\/index.php?rest_route=\/wp\/v2\/users\/4"}],"replies":[{"embeddable":true,"href":"https:\/\/schwerereiter.de\/index.php?rest_route=%2Fwp%2Fv2%2Fcomments&post=7856"}],"version-history":[{"count":2,"href":"https:\/\/schwerereiter.de\/index.php?rest_route=\/wp\/v2\/pages\/7856\/revisions"}],"predecessor-version":[{"id":7859,"href":"https:\/\/schwerereiter.de\/index.php?rest_route=\/wp\/v2\/pages\/7856\/revisions\/7859"}],"wp:attachment":[{"href":"https:\/\/schwerereiter.de\/index.php?rest_route=%2Fwp%2Fv2%2Fmedia&parent=7856"}],"curies":[{"name":"wp","href":"https:\/\/api.w.org\/{rel}","templated":true}]}}